{"id":76,"date":"2025-03-01T09:46:30","date_gmt":"2025-03-01T08:46:30","guid":{"rendered":"https:\/\/monsejour34.fr\/?page_id=76"},"modified":"2025-03-07T15:49:08","modified_gmt":"2025-03-07T14:49:08","slug":"balaruc-que-faire-autour","status":"publish","type":"page","link":"https:\/\/monsejour34.fr\/index.php\/balaruc-que-faire-autour\/","title":{"rendered":"Balaruc, que faire autour ?"},"content":{"rendered":"\t\t<div data-elementor-type=\"wp-page\" data-elementor-id=\"76\" class=\"elementor elementor-76\">\n\t\t\t\t<div class=\"elementor-element elementor-element-361cce86 e-flex e-con-boxed e-con e-parent\" data-id=\"361cce86\" data-element_type=\"container\">\n\t\t\t\t\t<div class=\"e-con-inner\">\n\t\t\t\t<div class=\"elementor-element elementor-element-7c38a5de elementor-widget elementor-widget-text-editor\" data-id=\"7c38a5de\" data-element_type=\"widget\" data-widget_type=\"text-editor.default\">\n\t\t\t\t<div class=\"elementor-widget-container\">\n\t\t\t\t\t\t\t\t\t<p>Nich\u00e9e au c\u0153ur de l&rsquo;Occitanie, Balaruc-les-Bains est bien plus qu&rsquo;une simple destination <strong>thermale<\/strong>. Cette charmante ville offre une multitude d&rsquo;activit\u00e9s et de sites \u00e0 explorer, faisant de chaque s\u00e9jour une exp\u00e9rience unique. Que vous soyez passionn\u00e9 par la <strong>nature<\/strong>, amateur de <strong>culture<\/strong> ou simplement en qu\u00eate de <strong>d\u00e9tente<\/strong>, Balaruc et ses alentours ont de quoi combler toutes vos envies. Des <strong>eaux apaisantes des thermes<\/strong> aux <strong>paysages pittoresques de l&rsquo;\u00e9tang de Thau<\/strong>, en passant par les <strong>richesses historiques<\/strong> et <strong>gastronomiques locales,<\/strong> laissez-vous s\u00e9duire par les tr\u00e9sors cach\u00e9s de cette r\u00e9gion ensoleill\u00e9e. Plongez dans notre <strong>guide<\/strong> pour d\u00e9couvrir les meilleures choses \u00e0 faire et \u00e0 voir autour de Balaruc-les-Bains, et pr\u00e9parez-vous \u00e0 vivre un <strong>s\u00e9jour inoubliable<\/strong> !<\/p>\t\t\t\t\t\t\t\t<\/div>\n\t\t\t\t<\/div>\n\t\t\t\t<div class=\"elementor-element elementor-element-97aefb3 elementor-widget elementor-widget-spacer\" data-id=\"97aefb3\" data-element_type=\"widget\" data-widget_type=\"spacer.default\">\n\t\t\t\t<div class=\"elementor-widget-container\">\n\t\t\t\t\t\t\t<div class=\"elementor-spacer\">\n\t\t\t<div class=\"elementor-spacer-inner\"><\/div>\n\t\t<\/div>\n\t\t\t\t\t\t<\/div>\n\t\t\t\t<\/div>\n\t\t\t\t\t<\/div>\n\t\t\t\t<\/div>\n\t\t<div class=\"elementor-element elementor-element-0485bbc e-con-full e-flex e-con e-parent\" data-id=\"0485bbc\" data-element_type=\"container\">\n\t\t\t\t<div class=\"elementor-element elementor-element-38482db elementor-widget elementor-widget-video\" data-id=\"38482db\" data-element_type=\"widget\" data-settings=\"{&quot;youtube_url&quot;:&quot;https:\\\/\\\/youtu.be\\\/BZAjUgLLLpo&quot;,&quot;autoplay&quot;:&quot;yes&quot;,&quot;mute&quot;:&quot;yes&quot;,&quot;loop&quot;:&quot;yes&quot;,&quot;video_type&quot;:&quot;youtube&quot;,&quot;controls&quot;:&quot;yes&quot;}\" data-widget_type=\"video.default\">\n\t\t\t\t<div class=\"elementor-widget-container\">\n\t\t\t\t\t\t\t<div class=\"elementor-wrapper elementor-open-inline\">\n\t\t\t<div class=\"elementor-video\"><\/div>\t\t<\/div>\n\t\t\t\t\t\t<\/div>\n\t\t\t\t<\/div>\n\t\t\t\t<\/div>\n\t\t<div class=\"elementor-element elementor-element-0d97429 e-flex e-con-boxed e-con e-parent\" data-id=\"0d97429\" data-element_type=\"container\">\n\t\t\t\t\t<div class=\"e-con-inner\">\n\t\t\t\t<div class=\"elementor-element elementor-element-6239183 elementor-widget elementor-widget-spacer\" data-id=\"6239183\" data-element_type=\"widget\" data-widget_type=\"spacer.default\">\n\t\t\t\t<div class=\"elementor-widget-container\">\n\t\t\t\t\t\t\t<div class=\"elementor-spacer\">\n\t\t\t<div class=\"elementor-spacer-inner\"><\/div>\n\t\t<\/div>\n\t\t\t\t\t\t<\/div>\n\t\t\t\t<\/div>\n\t\t\t\t\t<\/div>\n\t\t\t\t<\/div>\n\t\t<div class=\"elementor-element elementor-element-bd14a12 e-con-full e-flex e-con e-parent\" data-id=\"bd14a12\" data-element_type=\"container\">\n\t\t<div class=\"elementor-element elementor-element-e929616 e-con-full e-flex e-con e-child\" data-id=\"e929616\" data-element_type=\"container\">\n\t\t\t\t<div class=\"elementor-element elementor-element-3e1dadd elementor-widget elementor-widget-heading\" data-id=\"3e1dadd\" data-element_type=\"widget\" data-widget_type=\"heading.default\">\n\t\t\t\t<div class=\"elementor-widget-container\">\n\t\t\t\t\t<h2 class=\"elementor-heading-title elementor-size-default\">Culture<\/h2>\t\t\t\t<\/div>\n\t\t\t\t<\/div>\n\t\t\t\t<div class=\"elementor-element elementor-element-f45a6a0 elementor-widget elementor-widget-text-editor\" data-id=\"f45a6a0\" data-element_type=\"widget\" data-widget_type=\"text-editor.default\">\n\t\t\t\t<div class=\"elementor-widget-container\">\n\t\t\t\t\t\t\t\t\t<ol>\n<li><strong>Mus\u00e9e de l&rsquo;\u00c9tang de Thau<\/strong> : D\u00e9couvrez l&rsquo;histoire et les traditions locales li\u00e9es \u00e0 l&rsquo;\u00e9tang de Thau et \u00e0 l&rsquo;ostr\u00e9iculture.<\/li>\n<li><strong>Visite des Villages Historiques<\/strong> : Explorez les villages voisins comme M\u00e8ze et Loupian pour leurs sites historiques et leurs charmantes ruelles.<\/li>\n<li><strong>\u00c9v\u00e9nements Locaux<\/strong> : Participez aux march\u00e9s locaux, f\u00eates et concerts organis\u00e9s r\u00e9guli\u00e8rement dans la r\u00e9gion.<\/li>\n<\/ol>\t\t\t\t\t\t\t\t<\/div>\n\t\t\t\t<\/div>\n\t\t\t\t<\/div>\n\t\t<div class=\"elementor-element elementor-element-a62404c e-con-full e-flex e-con e-child\" data-id=\"a62404c\" data-element_type=\"container\">\n\t\t\t\t<div class=\"elementor-element elementor-element-f809baf elementor-widget elementor-widget-heading\" data-id=\"f809baf\" data-element_type=\"widget\" data-widget_type=\"heading.default\">\n\t\t\t\t<div class=\"elementor-widget-container\">\n\t\t\t\t\t<h2 class=\"elementor-heading-title elementor-size-default\">Nature<\/h2>\t\t\t\t<\/div>\n\t\t\t\t<\/div>\n\t\t\t\t<div class=\"elementor-element elementor-element-fb62e57 elementor-widget elementor-widget-text-editor\" data-id=\"fb62e57\" data-element_type=\"widget\" data-widget_type=\"text-editor.default\">\n\t\t\t\t<div class=\"elementor-widget-container\">\n\t\t\t\t\t\t\t\t\t<ol>\n<li><strong>\u00c9tang de Thau<\/strong> : Profitez des activit\u00e9s nautiques comme la voile, le kayak, ou faites une balade en bateau pour admirer les paysages.<\/li>\n<li><strong>Parc Charles de Gaulle<\/strong> : Id\u00e9al pour une balade tranquille ou un pique-nique en famille, avec des espaces verts et des aires de jeux pour enfants.<\/li>\n<li><strong>Randonn\u00e9es et V\u00e9lo<\/strong> : Parcourez les nombreux sentiers de la r\u00e9gion pour d\u00e9couvrir les paysages vari\u00e9s et les vues panoramiques. Vous pouvez louer des v\u00e9los sur place.<\/li>\n<\/ol>\t\t\t\t\t\t\t\t<\/div>\n\t\t\t\t<\/div>\n\t\t\t\t<\/div>\n\t\t<div class=\"elementor-element elementor-element-86a48b0 e-con-full e-flex e-con e-child\" data-id=\"86a48b0\" data-element_type=\"container\">\n\t\t\t\t<div class=\"elementor-element elementor-element-14ed422 elementor-widget elementor-widget-spacer\" data-id=\"14ed422\" data-element_type=\"widget\" data-widget_type=\"spacer.default\">\n\t\t\t\t<div class=\"elementor-widget-container\">\n\t\t\t\t\t\t\t<div class=\"elementor-spacer\">\n\t\t\t<div class=\"elementor-spacer-inner\"><\/div>\n\t\t<\/div>\n\t\t\t\t\t\t<\/div>\n\t\t\t\t<\/div>\n\t\t\t\t<div class=\"elementor-element elementor-element-a8dd68f elementor-widget elementor-widget-heading\" data-id=\"a8dd68f\" data-element_type=\"widget\" data-widget_type=\"heading.default\">\n\t\t\t\t<div class=\"elementor-widget-container\">\n\t\t\t\t\t<h2 class=\"elementor-heading-title elementor-size-default\">Gastronomie<\/h2>\t\t\t\t<\/div>\n\t\t\t\t<\/div>\n\t\t\t\t<div class=\"elementor-element elementor-element-7896604 elementor-widget elementor-widget-text-editor\" data-id=\"7896604\" data-element_type=\"widget\" data-widget_type=\"text-editor.default\">\n\t\t\t\t<div class=\"elementor-widget-container\">\n\t\t\t\t\t\t\t\t\t<ol><li><strong>Hu\u00eetres de Bouzigues<\/strong> : D\u00e9gustez ces fruits de mer r\u00e9put\u00e9s dans les restaurants locaux.<\/li><li><strong>March\u00e9s Locaux<\/strong> : Explorez les march\u00e9s pour d\u00e9couvrir les produits frais et locaux de la r\u00e9gion.<\/li><li><strong>Restaurants de Fruits de Mer<\/strong> : Profitez des sp\u00e9cialit\u00e9s locales dans les restaurants autour de l&rsquo;\u00e9tang de Thau.<\/li><\/ol>\t\t\t\t\t\t\t\t<\/div>\n\t\t\t\t<\/div>\n\t\t\t\t<div class=\"elementor-element elementor-element-0935e91 elementor-widget elementor-widget-spacer\" data-id=\"0935e91\" data-element_type=\"widget\" data-widget_type=\"spacer.default\">\n\t\t\t\t<div class=\"elementor-widget-container\">\n\t\t\t\t\t\t\t<div class=\"elementor-spacer\">\n\t\t\t<div class=\"elementor-spacer-inner\"><\/div>\n\t\t<\/div>\n\t\t\t\t\t\t<\/div>\n\t\t\t\t<\/div>\n\t\t\t\t<\/div>\n\t\t<div class=\"elementor-element elementor-element-3ff280d e-con-full e-flex e-con e-child\" data-id=\"3ff280d\" data-element_type=\"container\">\n\t\t\t\t<div class=\"elementor-element elementor-element-ef2f655 elementor-widget elementor-widget-spacer\" data-id=\"ef2f655\" data-element_type=\"widget\" data-widget_type=\"spacer.default\">\n\t\t\t\t<div class=\"elementor-widget-container\">\n\t\t\t\t\t\t\t<div class=\"elementor-spacer\">\n\t\t\t<div class=\"elementor-spacer-inner\"><\/div>\n\t\t<\/div>\n\t\t\t\t\t\t<\/div>\n\t\t\t\t<\/div>\n\t\t\t\t<div class=\"elementor-element elementor-element-20ca9dd elementor-widget elementor-widget-heading\" data-id=\"20ca9dd\" data-element_type=\"widget\" data-widget_type=\"heading.default\">\n\t\t\t\t<div class=\"elementor-widget-container\">\n\t\t\t\t\t<h2 class=\"elementor-heading-title elementor-size-default\">D\u00e9tente<\/h2>\t\t\t\t<\/div>\n\t\t\t\t<\/div>\n\t\t\t\t<div class=\"elementor-element elementor-element-5ba5226 elementor-widget elementor-widget-text-editor\" data-id=\"5ba5226\" data-element_type=\"widget\" data-widget_type=\"text-editor.default\">\n\t\t\t\t<div class=\"elementor-widget-container\">\n\t\t\t\t\t\t\t\t\t<ol>\n<li><strong>Thermes de Balaruc-les-Bains<\/strong> : Profitez des bienfaits des eaux thermales pour une cure ou simplement pour vous d\u00e9tendre.<\/li>\n<li><strong>Plages<\/strong> : Relaxez-vous sur les plages de Balaruc-les-Bains et des environs pour profiter du soleil m\u00e9diterran\u00e9en.<\/li>\n<li><strong>Spa et Bien-\u00eatre<\/strong> : D\u00e9couvrez les diff\u00e9rents spas et centres de bien-\u00eatre pour des moments de relaxation.<\/li>\n<\/ol>\t\t\t\t\t\t\t\t<\/div>\n\t\t\t\t<\/div>\n\t\t\t\t<div class=\"elementor-element elementor-element-78df264 elementor-widget elementor-widget-spacer\" data-id=\"78df264\" data-element_type=\"widget\" data-widget_type=\"spacer.default\">\n\t\t\t\t<div class=\"elementor-widget-container\">\n\t\t\t\t\t\t\t<div class=\"elementor-spacer\">\n\t\t\t<div class=\"elementor-spacer-inner\"><\/div>\n\t\t<\/div>\n\t\t\t\t\t\t<\/div>\n\t\t\t\t<\/div>\n\t\t\t\t<\/div>\n\t\t\t\t<\/div>\n\t\t<div class=\"elementor-element elementor-element-150483f e-flex e-con-boxed e-con e-parent\" data-id=\"150483f\" data-element_type=\"container\">\n\t\t\t\t\t<div class=\"e-con-inner\">\n\t\t\t\t<div class=\"elementor-element elementor-element-0a3c69c elementor-widget elementor-widget-text-editor\" data-id=\"0a3c69c\" data-element_type=\"widget\" data-widget_type=\"text-editor.default\">\n\t\t\t\t<div class=\"elementor-widget-container\">\n\t\t\t\t\t\t\t\t\t<p>Pour plus de d\u00e9tails, veuillez consulter le site de l&rsquo;office de tourisme de Balaruc-Les-Bains :<\/p>\t\t\t\t\t\t\t\t<\/div>\n\t\t\t\t<\/div>\n\t\t\t\t<div class=\"elementor-element elementor-element-57f6623 elementor-align-center elementor-widget elementor-widget-button\" data-id=\"57f6623\" data-element_type=\"widget\" data-widget_type=\"button.default\">\n\t\t\t\t<div class=\"elementor-widget-container\">\n\t\t\t\t\t\t\t\t\t<div class=\"elementor-button-wrapper\">\n\t\t\t\t\t<a class=\"elementor-button elementor-button-link elementor-size-sm\" href=\"https:\/\/www.balaruc-les-bains.com\" target=\"_blank\">\n\t\t\t\t\t\t<span class=\"elementor-button-content-wrapper\">\n\t\t\t\t\t\t<span class=\"elementor-button-icon\">\n\t\t\t\t<svg aria-hidden=\"true\" class=\"e-font-icon-svg e-fas-mouse-pointer\" viewBox=\"0 0 320 512\" xmlns=\"http:\/\/www.w3.org\/2000\/svg\"><path d=\"M302.189 329.126H196.105l55.831 135.993c3.889 9.428-.555 19.999-9.444 23.999l-49.165 21.427c-9.165 4-19.443-.571-23.332-9.714l-53.053-129.136-86.664 89.138C18.729 472.71 0 463.554 0 447.977V18.299C0 1.899 19.921-6.096 30.277 5.443l284.412 292.542c11.472 11.179 3.007 31.141-12.5 31.141z\"><\/path><\/svg>\t\t\t<\/span>\n\t\t\t\t\t\t\t\t\t<span class=\"elementor-button-text\">Office de tourisme Balaruc-Les-Bains<\/span>\n\t\t\t\t\t<\/span>\n\t\t\t\t\t<\/a>\n\t\t\t\t<\/div>\n\t\t\t\t\t\t\t\t<\/div>\n\t\t\t\t<\/div>\n\t\t\t\t\t<\/div>\n\t\t\t\t<\/div>\n\t\t<div class=\"elementor-element elementor-element-6ee2df5 e-flex e-con-boxed e-con e-parent\" data-id=\"6ee2df5\" data-element_type=\"container\">\n\t\t\t\t\t<div class=\"e-con-inner\">\n\t\t<div class=\"elementor-element elementor-element-0373116 e-con-full e-flex e-con e-child\" data-id=\"0373116\" data-element_type=\"container\">\n\t\t\t\t<div class=\"elementor-element elementor-element-c75a64e elementor-widget elementor-widget-image\" data-id=\"c75a64e\" data-element_type=\"widget\" data-widget_type=\"image.default\">\n\t\t\t\t<div class=\"elementor-widget-container\">\n\t\t\t\t\t\t\t\t\t\t\t\t\t\t\t<img fetchpriority=\"high\" decoding=\"async\" width=\"1024\" height=\"682\" src=\"https:\/\/monsejour34.fr\/wp-content\/uploads\/2025\/03\/la-promenade-georges-brassens-et-laurent-spinosi-10149353-11542903-1024x682.jpg\" class=\"attachment-large size-large wp-image-278\" alt=\"\" srcset=\"https:\/\/monsejour34.fr\/wp-content\/uploads\/2025\/03\/la-promenade-georges-brassens-et-laurent-spinosi-10149353-11542903-1024x682.jpg 1024w, https:\/\/monsejour34.fr\/wp-content\/uploads\/2025\/03\/la-promenade-georges-brassens-et-laurent-spinosi-10149353-11542903-300x200.jpg 300w, https:\/\/monsejour34.fr\/wp-content\/uploads\/2025\/03\/la-promenade-georges-brassens-et-laurent-spinosi-10149353-11542903-768x511.jpg 768w, https:\/\/monsejour34.fr\/wp-content\/uploads\/2025\/03\/la-promenade-georges-brassens-et-laurent-spinosi-10149353-11542903.jpg 1200w\" sizes=\"(max-width: 1024px) 100vw, 1024px\" \/>\t\t\t\t\t\t\t\t\t\t\t\t\t\t\t<\/div>\n\t\t\t\t<\/div>\n\t\t\t\t<\/div>\n\t\t<div class=\"elementor-element elementor-element-89513e3 e-con-full e-flex e-con e-child\" data-id=\"89513e3\" data-element_type=\"container\">\n\t\t\t\t<div class=\"elementor-element elementor-element-9dadfdd elementor-widget elementor-widget-image\" data-id=\"9dadfdd\" data-element_type=\"widget\" data-widget_type=\"image.default\">\n\t\t\t\t<div class=\"elementor-widget-container\">\n\t\t\t\t\t\t\t\t\t\t\t\t\t\t\t<img decoding=\"async\" width=\"1024\" height=\"678\" src=\"https:\/\/monsejour34.fr\/wp-content\/uploads\/2025\/03\/DSC_2860-1024x678-1.jpg\" class=\"attachment-large size-large wp-image-280\" alt=\"\" srcset=\"https:\/\/monsejour34.fr\/wp-content\/uploads\/2025\/03\/DSC_2860-1024x678-1.jpg 1024w, https:\/\/monsejour34.fr\/wp-content\/uploads\/2025\/03\/DSC_2860-1024x678-1-300x199.jpg 300w, https:\/\/monsejour34.fr\/wp-content\/uploads\/2025\/03\/DSC_2860-1024x678-1-768x509.jpg 768w\" sizes=\"(max-width: 1024px) 100vw, 1024px\" \/>\t\t\t\t\t\t\t\t\t\t\t\t\t\t\t<\/div>\n\t\t\t\t<\/div>\n\t\t\t\t<\/div>\n\t\t<div class=\"elementor-element elementor-element-653e172 e-con-full e-flex e-con e-child\" data-id=\"653e172\" data-element_type=\"container\">\n\t\t\t\t<div class=\"elementor-element elementor-element-deaba4b elementor-widget elementor-widget-image\" data-id=\"deaba4b\" data-element_type=\"widget\" data-widget_type=\"image.default\">\n\t\t\t\t<div class=\"elementor-widget-container\">\n\t\t\t\t\t\t\t\t\t\t\t\t\t\t\t<img decoding=\"async\" width=\"1024\" height=\"683\" src=\"https:\/\/monsejour34.fr\/wp-content\/uploads\/2025\/03\/station-thermale-balaruc-les-bains-bains-interieur-vue-etang-de-thau-emmanuel-morel-2018-1024x683.jpg\" class=\"attachment-large size-large wp-image-279\" alt=\"\" srcset=\"https:\/\/monsejour34.fr\/wp-content\/uploads\/2025\/03\/station-thermale-balaruc-les-bains-bains-interieur-vue-etang-de-thau-emmanuel-morel-2018-1024x683.jpg 1024w, https:\/\/monsejour34.fr\/wp-content\/uploads\/2025\/03\/station-thermale-balaruc-les-bains-bains-interieur-vue-etang-de-thau-emmanuel-morel-2018-300x200.jpg 300w, https:\/\/monsejour34.fr\/wp-content\/uploads\/2025\/03\/station-thermale-balaruc-les-bains-bains-interieur-vue-etang-de-thau-emmanuel-morel-2018-768x512.jpg 768w, https:\/\/monsejour34.fr\/wp-content\/uploads\/2025\/03\/station-thermale-balaruc-les-bains-bains-interieur-vue-etang-de-thau-emmanuel-morel-2018-1536x1024.jpg 1536w, https:\/\/monsejour34.fr\/wp-content\/uploads\/2025\/03\/station-thermale-balaruc-les-bains-bains-interieur-vue-etang-de-thau-emmanuel-morel-2018.jpg 1920w\" sizes=\"(max-width: 1024px) 100vw, 1024px\" \/>\t\t\t\t\t\t\t\t\t\t\t\t\t\t\t<\/div>\n\t\t\t\t<\/div>\n\t\t\t\t<\/div>\n\t\t<div class=\"elementor-element elementor-element-2fdd5f3 e-con-full e-flex e-con e-child\" data-id=\"2fdd5f3\" data-element_type=\"container\">\n\t\t\t\t<div class=\"elementor-element elementor-element-04a5982 elementor-widget elementor-widget-image\" data-id=\"04a5982\" data-element_type=\"widget\" data-widget_type=\"image.default\">\n\t\t\t\t<div class=\"elementor-widget-container\">\n\t\t\t\t\t\t\t\t\t\t\t\t\t\t\t<img loading=\"lazy\" decoding=\"async\" width=\"1024\" height=\"575\" src=\"https:\/\/monsejour34.fr\/wp-content\/uploads\/2025\/03\/0-autour-de-balaruc-les-bains-aux-alentours-101375-1024x575.jpg\" class=\"attachment-large size-large wp-image-253\" alt=\"\" srcset=\"https:\/\/monsejour34.fr\/wp-content\/uploads\/2025\/03\/0-autour-de-balaruc-les-bains-aux-alentours-101375-1024x575.jpg 1024w, https:\/\/monsejour34.fr\/wp-content\/uploads\/2025\/03\/0-autour-de-balaruc-les-bains-aux-alentours-101375-300x169.jpg 300w, https:\/\/monsejour34.fr\/wp-content\/uploads\/2025\/03\/0-autour-de-balaruc-les-bains-aux-alentours-101375-768x431.jpg 768w, https:\/\/monsejour34.fr\/wp-content\/uploads\/2025\/03\/0-autour-de-balaruc-les-bains-aux-alentours-101375.jpg 1200w\" sizes=\"(max-width: 1024px) 100vw, 1024px\" \/>\t\t\t\t\t\t\t\t\t\t\t\t\t\t\t<\/div>\n\t\t\t\t<\/div>\n\t\t\t\t<\/div>\n\t\t<div class=\"elementor-element elementor-element-f2b37f9 e-con-full e-flex e-con e-child\" data-id=\"f2b37f9\" data-element_type=\"container\">\n\t\t\t\t<div class=\"elementor-element elementor-element-4025893 elementor-widget elementor-widget-image\" data-id=\"4025893\" data-element_type=\"widget\" data-widget_type=\"image.default\">\n\t\t\t\t<div class=\"elementor-widget-container\">\n\t\t\t\t\t\t\t\t\t\t\t\t\t\t\t<img loading=\"lazy\" decoding=\"async\" width=\"1024\" height=\"576\" src=\"https:\/\/monsejour34.fr\/wp-content\/uploads\/2025\/03\/plage-hesperides-balaruc-les-bains-2-1024x576.jpg\" class=\"attachment-large size-large wp-image-282\" alt=\"\" srcset=\"https:\/\/monsejour34.fr\/wp-content\/uploads\/2025\/03\/plage-hesperides-balaruc-les-bains-2-1024x576.jpg 1024w, https:\/\/monsejour34.fr\/wp-content\/uploads\/2025\/03\/plage-hesperides-balaruc-les-bains-2-300x169.jpg 300w, https:\/\/monsejour34.fr\/wp-content\/uploads\/2025\/03\/plage-hesperides-balaruc-les-bains-2-768x432.jpg 768w, https:\/\/monsejour34.fr\/wp-content\/uploads\/2025\/03\/plage-hesperides-balaruc-les-bains-2-1536x864.jpg 1536w, https:\/\/monsejour34.fr\/wp-content\/uploads\/2025\/03\/plage-hesperides-balaruc-les-bains-2-2048x1152.jpg 2048w\" sizes=\"(max-width: 1024px) 100vw, 1024px\" \/>\t\t\t\t\t\t\t\t\t\t\t\t\t\t\t<\/div>\n\t\t\t\t<\/div>\n\t\t\t\t<\/div>\n\t\t<div class=\"elementor-element elementor-element-d005ceb e-con-full e-flex e-con e-child\" data-id=\"d005ceb\" data-element_type=\"container\">\n\t\t\t\t<div class=\"elementor-element elementor-element-72de175 elementor-widget elementor-widget-image\" data-id=\"72de175\" data-element_type=\"widget\" data-widget_type=\"image.default\">\n\t\t\t\t<div class=\"elementor-widget-container\">\n\t\t\t\t\t\t\t\t\t\t\t\t\t\t\t<img loading=\"lazy\" decoding=\"async\" width=\"1024\" height=\"576\" src=\"https:\/\/monsejour34.fr\/wp-content\/uploads\/2025\/03\/f552c479-city-41094-179603d65b2-1024x576.jpg\" class=\"attachment-large size-large wp-image-277\" alt=\"\" srcset=\"https:\/\/monsejour34.fr\/wp-content\/uploads\/2025\/03\/f552c479-city-41094-179603d65b2-1024x576.jpg 1024w, https:\/\/monsejour34.fr\/wp-content\/uploads\/2025\/03\/f552c479-city-41094-179603d65b2-300x169.jpg 300w, https:\/\/monsejour34.fr\/wp-content\/uploads\/2025\/03\/f552c479-city-41094-179603d65b2-768x432.jpg 768w, https:\/\/monsejour34.fr\/wp-content\/uploads\/2025\/03\/f552c479-city-41094-179603d65b2.jpg 1366w\" sizes=\"(max-width: 1024px) 100vw, 1024px\" \/>\t\t\t\t\t\t\t\t\t\t\t\t\t\t\t<\/div>\n\t\t\t\t<\/div>\n\t\t\t\t<\/div>\n\t\t\t\t\t<\/div>\n\t\t\t\t<\/div>\n\t\t<div class=\"elementor-element elementor-element-3b97507 e-flex e-con-boxed e-con e-parent\" data-id=\"3b97507\" data-element_type=\"container\">\n\t\t\t\t\t<div class=\"e-con-inner\">\n\t\t\t\t\t<\/div>\n\t\t\t\t<\/div>\n\t\t\t\t<\/div>\n\t\t","protected":false},"excerpt":{"rendered":"<p>Nich\u00e9e au c\u0153ur de l&rsquo;Occitanie, Balaruc-les-Bains est bien plus qu&rsquo;une simple destination thermale. Cette charmante ville offre une multitude d&rsquo;activit\u00e9s [&hellip;]<\/p>\n","protected":false},"author":1,"featured_media":0,"parent":0,"menu_order":0,"comment_status":"closed","ping_status":"closed","template":"","meta":{"site-sidebar-layout":"default","site-content-layout":"","ast-site-content-layout":"","site-content-style":"default","site-sidebar-style":"default","ast-global-header-display":"","ast-banner-title-visibility":"","ast-main-header-display":"","ast-hfb-above-header-display":"","ast-hfb-below-header-display":"","ast-hfb-mobile-header-display":"","site-post-title":"","ast-breadcrumbs-content":"","ast-featured-img":"","footer-sml-layout":"","theme-transparent-header-meta":"","adv-header-id-meta":"","stick-header-meta":"","header-above-stick-meta":"","header-main-stick-meta":"","header-below-stick-meta":"","astra-migrate-meta-layouts":"default","ast-page-background-enabled":"default","ast-page-background-meta":{"desktop":{"background-color":"var(--ast-global-color-5)","background-image":"","background-repeat":"repeat","background-position":"center center","background-size":"auto","background-attachment":"scroll","background-type":"","background-media":"","overlay-type":"","overlay-color":"","overlay-opacity":"","overlay-gradient":""},"tablet":{"background-color":"","background-image":"","background-repeat":"repeat","background-position":"center center","background-size":"auto","background-attachment":"scroll","background-type":"","background-media":"","overlay-type":"","overlay-color":"","overlay-opacity":"","overlay-gradient":""},"mobile":{"background-color":"","background-image":"","background-repeat":"repeat","background-position":"center center","background-size":"auto","background-attachment":"scroll","background-type":"","background-media":"","overlay-type":"","overlay-color":"","overlay-opacity":"","overlay-gradient":""}},"ast-content-background-meta":{"desktop":{"background-color":"var(--ast-global-color-4)","background-image":"","background-repeat":"repeat","background-position":"center center","background-size":"auto","background-attachment":"scroll","background-type":"","background-media":"","overlay-type":"","overlay-color":"","overlay-opacity":"","overlay-gradient":""},"tablet":{"background-color":"var(--ast-global-color-4)","background-image":"","background-repeat":"repeat","background-position":"center center","background-size":"auto","background-attachment":"scroll","background-type":"","background-media":"","overlay-type":"","overlay-color":"","overlay-opacity":"","overlay-gradient":""},"mobile":{"background-color":"var(--ast-global-color-4)","background-image":"","background-repeat":"repeat","background-position":"center center","background-size":"auto","background-attachment":"scroll","background-type":"","background-media":"","overlay-type":"","overlay-color":"","overlay-opacity":"","overlay-gradient":""}},"footnotes":""},"class_list":["post-76","page","type-page","status-publish","hentry"],"_links":{"self":[{"href":"https:\/\/monsejour34.fr\/index.php\/wp-json\/wp\/v2\/pages\/76","targetHints":{"allow":["GET"]}}],"collection":[{"href":"https:\/\/monsejour34.fr\/index.php\/wp-json\/wp\/v2\/pages"}],"about":[{"href":"https:\/\/monsejour34.fr\/index.php\/wp-json\/wp\/v2\/types\/page"}],"author":[{"embeddable":true,"href":"https:\/\/monsejour34.fr\/index.php\/wp-json\/wp\/v2\/users\/1"}],"replies":[{"embeddable":true,"href":"https:\/\/monsejour34.fr\/index.php\/wp-json\/wp\/v2\/comments?post=76"}],"version-history":[{"count":22,"href":"https:\/\/monsejour34.fr\/index.php\/wp-json\/wp\/v2\/pages\/76\/revisions"}],"predecessor-version":[{"id":285,"href":"https:\/\/monsejour34.fr\/index.php\/wp-json\/wp\/v2\/pages\/76\/revisions\/285"}],"wp:attachment":[{"href":"https:\/\/monsejour34.fr\/index.php\/wp-json\/wp\/v2\/media?parent=76"}],"curies":[{"name":"wp","href":"https:\/\/api.w.org\/{rel}","templated":true}]}}