{"id":87,"date":"2025-03-01T10:12:30","date_gmt":"2025-03-01T09:12:30","guid":{"rendered":"https:\/\/monsejour34.fr\/?page_id=87"},"modified":"2025-06-23T19:52:02","modified_gmt":"2025-06-23T17:52:02","slug":"lappartement-details-et-equipements","status":"publish","type":"page","link":"https:\/\/monsejour34.fr\/index.php\/lappartement-details-et-equipements\/","title":{"rendered":"L&rsquo;appartement"},"content":{"rendered":"\t\t<div data-elementor-type=\"wp-page\" data-elementor-id=\"87\" class=\"elementor elementor-87\">\n\t\t\t\t<div class=\"elementor-element elementor-element-1d53dac1 e-con-full e-flex e-con e-parent\" data-id=\"1d53dac1\" data-element_type=\"container\">\n\t\t\t\t<div class=\"elementor-element elementor-element-4900dbcc elementor-widget elementor-widget-text-editor\" data-id=\"4900dbcc\" data-element_type=\"widget\" data-widget_type=\"text-editor.default\">\n\t\t\t\t<div class=\"elementor-widget-container\">\n\t\t\t\t\t\t\t\t\t<h4 class=\"wp-block-heading\">Les \u00e9quipements<\/h4>\n<p><!-- \/wp:heading --><!-- wp:paragraph --><\/p>\n<p>Bienvenue \u00e0&nbsp;<strong>Thau T\u2019aime<\/strong>, un appartement con\u00e7u pour votre&nbsp;<strong>confort et bien-\u00eatre<\/strong>&nbsp;lors de votre s\u00e9jour \u00e0&nbsp;<strong>Balaruc-les-Bains<\/strong>. D\u00e9couvrez tous les \u00e9quipements mis \u00e0 votre disposition pour profiter pleinement de votre cure, de vos vacances ou de votre escapade en bord de l\u2019<strong>\u00e9tang de Thau<\/strong>.<br>L&rsquo;appartement n&rsquo;est pas accessible aux personnes \u00e0 mobilit\u00e9 r\u00e9duite.&nbsp;&nbsp;<\/p>\n<p><!-- \/wp:paragraph --><!-- wp:heading {\"level\":4} --><\/p>\n<h4 class=\"wp-block-heading\">Espace nuit et s\u00e9jour<\/h4>\n<p><!-- \/wp:heading --><!-- wp:list --><\/p>\n<ul class=\"wp-block-list\">\n<li style=\"list-style-type: none;\">\n<ul class=\"wp-block-list\">\n<li style=\"list-style-type: none;\">\n<ul class=\"wp-block-list\"><!-- wp:list-item --><\/ul>\n<\/li>\n<\/ul>\n<ul class=\"wp-block-list\">\n<li>Coin nuit confortable&nbsp;avec un<strong>&nbsp;<\/strong>lit double<\/li>\n<\/ul>\n<\/li>\n<\/ul>\n<p><!-- \/wp:list-item --><!-- wp:list-item --><\/p>\n<ul class=\"wp-block-list\">\n<li style=\"list-style-type: none;\">\n<ul class=\"wp-block-list\">\n<li>Clic-clac&nbsp;dans le salon pour accueillir un&nbsp;deuxi\u00e8me couchage<\/li>\n<\/ul>\n<\/li>\n<\/ul>\n<p><!-- \/wp:list-item --><!-- wp:list-item --><\/p>\n<ul class=\"wp-block-list\">\n<li style=\"list-style-type: none;\">\n<ul class=\"wp-block-list\">\n<li>T\u00e9l\u00e9vision<strong>&nbsp;<\/strong>pour vos moments de d\u00e9tente<\/li>\n<\/ul>\n<\/li>\n<\/ul>\n<p><!-- \/wp:list-item --><!-- wp:list-item --><\/p>\n<ul class=\"wp-block-list\">\n<li style=\"list-style-type: none;\">\n<ul class=\"wp-block-list\">\n<li>Chauffage&nbsp;pour un confort optimal en toute saison<\/li>\n<\/ul>\n<ul class=\"wp-block-list\">\n<li>ventilateur \u00e0 disposition pour les s\u00e9jours estivaux<\/li>\n<\/ul>\n<\/li>\n<\/ul>\n<p><!-- \/wp:list-item --><\/p>\n<p><!-- \/wp:list --><!-- wp:heading {\"level\":4} --><\/p>\n<h4 class=\"wp-block-heading\"><strong>Cuisine \u00e9quip\u00e9e<\/strong><\/h4>\n<p><!-- \/wp:heading --><!-- wp:list --><\/p>\n<ul class=\"wp-block-list\">\n<li style=\"list-style-type: none;\">\n<ul class=\"wp-block-list\">\n<li style=\"list-style-type: none;\">\n<ul class=\"wp-block-list\"><!-- wp:list-item --><\/ul>\n<\/li>\n<\/ul>\n<ul class=\"wp-block-list\">\n<li>Cafeti\u00e8re \u00e0 filtre<\/li>\n<\/ul>\n<\/li>\n<\/ul>\n<p><!-- \/wp:list-item --><!-- wp:list-item --><\/p>\n<ul class=\"wp-block-list\">\n<li style=\"list-style-type: none;\">\n<ul class=\"wp-block-list\">\n<li>Four micro-ondes&nbsp;et&nbsp;four traditionnel<\/li>\n<\/ul>\n<\/li>\n<\/ul>\n<p><!-- \/wp:list-item --><!-- wp:list-item --><\/p>\n<ul class=\"wp-block-list\">\n<li style=\"list-style-type: none;\">\n<ul class=\"wp-block-list\">\n<li>Plaques de cuisson<\/li>\n<\/ul>\n<ul class=\"wp-block-list\">\n<li>Large \u00e9ventail d&rsquo;ustensiles de cuisine (moule \u00e0 g\u00e2teaux, presse citron, grille pain, bouilloire,&#8230;)<\/li>\n<\/ul>\n<\/li>\n<\/ul>\n<p><!-- \/wp:list-item --><\/p>\n<p><!-- \/wp:list --><!-- wp:heading {\"level\":4} --><\/p>\n<h4 class=\"wp-block-heading\"><strong>Salle de bain <\/strong><\/h4>\n<p><!-- \/wp:heading --><!-- wp:list --><\/p>\n<ul class=\"wp-block-list\">\n<li style=\"list-style-type: none;\">\n<ul class=\"wp-block-list\">\n<li style=\"list-style-type: none;\">\n<ul class=\"wp-block-list\"><!-- wp:list-item --><\/ul>\n<\/li>\n<\/ul>\n<ul class=\"wp-block-list\">\n<li>S\u00e8che-cheveux&nbsp;mis \u00e0 disposition<\/li>\n<\/ul>\n<\/li>\n<\/ul>\n<p><!-- \/wp:list-item --><!-- wp:list-item --><\/p>\n<ul class=\"wp-block-list\">\n<li style=\"list-style-type: none;\">\n<ul class=\"wp-block-list\">\n<li>Fer \u00e0 repasser<\/li>\n<\/ul>\n<\/li>\n<\/ul>\n<p><!-- \/wp:list-item --><!-- wp:list-item --><\/p>\n<ul class=\"wp-block-list\">\n<li style=\"list-style-type: none;\">\n<ul class=\"wp-block-list\">\n<li>Laverie \u00e0 proximit\u00e9&nbsp;pour vos besoins de lavage durant votre s\u00e9jour<\/li>\n<\/ul>\n<\/li>\n<\/ul>\n<p><!-- \/wp:list-item --><\/p>\n<p><!-- \/wp:list --><!-- wp:heading {\"level\":4} --><\/p>\n<h4 class=\"wp-block-heading\"><strong>R\u00e9sidence et ext\u00e9rieur<\/strong><\/h4>\n<p><!-- \/wp:heading --><!-- wp:list --><\/p>\n<ul class=\"wp-block-list\">\n<li style=\"list-style-type: none;\">\n<ul class=\"wp-block-list\">\n<li style=\"list-style-type: none;\">\n<ul class=\"wp-block-list\"><!-- wp:list-item --><\/ul>\n<\/li>\n<\/ul>\n<ul class=\"wp-block-list\">\n<li>Ascenseur&nbsp;pour un acc\u00e8s facile \u00e0 l\u2019appartement<\/li>\n<\/ul>\n<\/li>\n<\/ul>\n<p><!-- \/wp:list-item --><!-- wp:list-item --><\/p>\n<ul class=\"wp-block-list\">\n<li style=\"list-style-type: none;\">\n<ul class=\"wp-block-list\">\n<li>Place de parking priv\u00e9e&nbsp;s\u00e9curis\u00e9e<\/li>\n<\/ul>\n<\/li>\n<\/ul>\n<p><!-- \/wp:list-item --><!-- wp:list-item --><\/p>\n<ul class=\"wp-block-list\">\n<li style=\"list-style-type: none;\">\n<ul class=\"wp-block-list\">\n<li>Jardin privatis\u00e9 avec vue directe sur l\u2019\u00e9tang<\/li>\n<\/ul>\n<\/li>\n<\/ul>\n<p><!-- \/wp:list-item --><!-- wp:list-item --><\/p>\n<ul class=\"wp-block-list\">\n<li style=\"list-style-type: none;\">\n<ul class=\"wp-block-list\">\n<li>Acc\u00e8s direct \u00e0 la plage, parfait pour une balade ou une pause d\u00e9tente<\/li>\n<\/ul>\n<\/li>\n<\/ul>\n<p><!-- \/wp:list-item --><\/p>\n<p><!-- \/wp:list --><!-- wp:heading {\"level\":4} --><\/p>\n<h4 class=\"wp-block-heading\"><strong>Informations pratiques<\/strong><\/h4>\n<ul class=\"wp-block-list\">\n<li style=\"list-style-type: none;\">\n<ul class=\"wp-block-list\">\n<li>Animaux admis sous conditions<\/li>\n<\/ul>\n<ul class=\"wp-block-list\">\n<li>Appartement non-fumeur<\/li>\n<li>Acc\u00e8s direct \u00e0 la plage, parfait pour une balade ou une pause d\u00e9tente<\/li>\n<\/ul>\n<\/li>\n<\/ul>\n<p><!-- \/wp:list-item --><!-- wp:list-item --><\/p>\n<h4><strong>Prestations non incluses<\/strong><\/h4>\n<ul class=\"wp-block-list\">\n<li style=\"list-style-type: none;\">\n<ul class=\"wp-block-list\">\n<li>M\u00e9nage de fin de s\u00e9jour<\/li>\n<\/ul>\n<ul class=\"wp-block-list\">\n<li>Draps &amp; serviettes non fournis (possibilit\u00e9 de location sur demande &#8211; 40\u20ac le jeu de draps et 10\u20ac le lots de serviettes pour deux personnes)<\/li>\n<\/ul>\n<\/li>\n<\/ul>\n<ul class=\"wp-block-list\">\n<li style=\"list-style-type: none;\">\n<ul class=\"wp-block-list\">\n<li style=\"list-style-type: none;\">&nbsp;<\/li>\n<\/ul>\n<p><!-- \/wp:list-item --><!-- wp:list-item --><\/p>\n<ul class=\"wp-block-list\">\n<li style=\"list-style-type: none;\">\n<ul class=\"wp-block-list\">\n<li style=\"list-style-type: none;\">\n<ul class=\"wp-block-list\">\n<li style=\"list-style-type: none;\">&nbsp;<\/li>\n<\/ul>\n<\/li>\n<\/ul>\n<\/li>\n<\/ul>\n<p><!-- \/wp:list-item --><\/p>\n<p><!-- \/wp:list --><!-- wp:paragraph --><\/p>\n<p><!-- \/wp:paragraph --><\/p>\n<\/li>\n<\/ul>\t\t\t\t\t\t\t\t<\/div>\n\t\t\t\t<\/div>\n\t\t\t\t<\/div>\n\t\t<div class=\"elementor-element elementor-element-0de7b62 e-con-full e-flex e-con e-parent\" data-id=\"0de7b62\" data-element_type=\"container\">\n\t\t\t\t<div class=\"elementor-element elementor-element-0ad642c elementor-arrows-position-inside elementor-pagination-position-outside elementor-widget elementor-widget-image-carousel\" data-id=\"0ad642c\" data-element_type=\"widget\" data-settings=\"{&quot;navigation&quot;:&quot;both&quot;,&quot;autoplay&quot;:&quot;yes&quot;,&quot;pause_on_hover&quot;:&quot;yes&quot;,&quot;pause_on_interaction&quot;:&quot;yes&quot;,&quot;autoplay_speed&quot;:5000,&quot;infinite&quot;:&quot;yes&quot;,&quot;speed&quot;:500}\" data-widget_type=\"image-carousel.default\">\n\t\t\t\t<div class=\"elementor-widget-container\">\n\t\t\t\t\t\t\t<div class=\"elementor-image-carousel-wrapper swiper\" role=\"region\" aria-roledescription=\"carousel\" aria-label=\"Carrousel d\u2019images\" dir=\"ltr\">\n\t\t\t<div class=\"elementor-image-carousel swiper-wrapper\" aria-live=\"off\">\n\t\t\t\t\t\t\t\t<div class=\"swiper-slide\" role=\"group\" aria-roledescription=\"slide\" aria-label=\"1 sur 24\"><figure class=\"swiper-slide-inner\"><img decoding=\"async\" class=\"swiper-slide-image\" src=\"https:\/\/monsejour34.fr\/wp-content\/uploads\/2025\/04\/IMG_1408-768x1024.jpg\" alt=\"Vue depuis le parc commun\" \/><figcaption class=\"elementor-image-carousel-caption\">Vue depuis le parc commun<\/figcaption><\/figure><\/div><div class=\"swiper-slide\" role=\"group\" aria-roledescription=\"slide\" aria-label=\"2 sur 24\"><figure class=\"swiper-slide-inner\"><img decoding=\"async\" class=\"swiper-slide-image\" src=\"https:\/\/monsejour34.fr\/wp-content\/uploads\/2025\/04\/IMG_1421-768x1024.jpg\" alt=\"Coin nuit\" \/><figcaption class=\"elementor-image-carousel-caption\">Coin nuit<\/figcaption><\/figure><\/div><div class=\"swiper-slide\" role=\"group\" aria-roledescription=\"slide\" aria-label=\"3 sur 24\"><figure class=\"swiper-slide-inner\"><img decoding=\"async\" class=\"swiper-slide-image\" src=\"https:\/\/monsejour34.fr\/wp-content\/uploads\/2025\/04\/IMG_1445-768x1024.jpg\" alt=\"Coin salle \u00e0 manger\" \/><figcaption class=\"elementor-image-carousel-caption\">Coin salle \u00e0 manger<\/figcaption><\/figure><\/div><div class=\"swiper-slide\" role=\"group\" aria-roledescription=\"slide\" aria-label=\"4 sur 24\"><figure class=\"swiper-slide-inner\"><img decoding=\"async\" class=\"swiper-slide-image\" src=\"https:\/\/monsejour34.fr\/wp-content\/uploads\/2025\/04\/IMG_1426-768x1024.jpg\" alt=\"D\u00e9coration\" \/><figcaption class=\"elementor-image-carousel-caption\">D\u00e9coration<\/figcaption><\/figure><\/div><div class=\"swiper-slide\" role=\"group\" aria-roledescription=\"slide\" aria-label=\"5 sur 24\"><figure class=\"swiper-slide-inner\"><img decoding=\"async\" class=\"swiper-slide-image\" src=\"https:\/\/monsejour34.fr\/wp-content\/uploads\/2025\/04\/IMG_1437-768x1024.jpg\" alt=\"Coin t\u00e9l\u00e9vision\" \/><figcaption class=\"elementor-image-carousel-caption\">Coin t\u00e9l\u00e9vision<\/figcaption><\/figure><\/div><div class=\"swiper-slide\" role=\"group\" aria-roledescription=\"slide\" aria-label=\"6 sur 24\"><figure class=\"swiper-slide-inner\"><img decoding=\"async\" class=\"swiper-slide-image\" src=\"https:\/\/monsejour34.fr\/wp-content\/uploads\/2025\/04\/IMG_1420-768x1024.jpg\" alt=\"Coin nuit\" \/><figcaption class=\"elementor-image-carousel-caption\">Coin nuit<\/figcaption><\/figure><\/div><div class=\"swiper-slide\" role=\"group\" aria-roledescription=\"slide\" aria-label=\"7 sur 24\"><figure class=\"swiper-slide-inner\"><img decoding=\"async\" class=\"swiper-slide-image\" src=\"https:\/\/monsejour34.fr\/wp-content\/uploads\/2025\/04\/IMG_1438-768x1024.jpg\" alt=\"Disposition du studio\" \/><figcaption class=\"elementor-image-carousel-caption\">Disposition du studio<\/figcaption><\/figure><\/div><div class=\"swiper-slide\" role=\"group\" aria-roledescription=\"slide\" aria-label=\"8 sur 24\"><figure class=\"swiper-slide-inner\"><img decoding=\"async\" class=\"swiper-slide-image\" src=\"https:\/\/monsejour34.fr\/wp-content\/uploads\/2025\/04\/IMG_1440-768x1024.jpg\" alt=\"Salle de bain\" \/><figcaption class=\"elementor-image-carousel-caption\">Salle de bain<\/figcaption><\/figure><\/div><div class=\"swiper-slide\" role=\"group\" aria-roledescription=\"slide\" aria-label=\"9 sur 24\"><figure class=\"swiper-slide-inner\"><img decoding=\"async\" class=\"swiper-slide-image\" src=\"https:\/\/monsejour34.fr\/wp-content\/uploads\/2025\/04\/IMG_1441-768x1024.jpg\" alt=\"Salle de bain\" \/><figcaption class=\"elementor-image-carousel-caption\">Salle de bain<\/figcaption><\/figure><\/div><div class=\"swiper-slide\" role=\"group\" aria-roledescription=\"slide\" aria-label=\"10 sur 24\"><figure class=\"swiper-slide-inner\"><img decoding=\"async\" class=\"swiper-slide-image\" src=\"https:\/\/monsejour34.fr\/wp-content\/uploads\/2025\/04\/IMG_1442-768x1024.jpg\" alt=\"Douche\" \/><figcaption class=\"elementor-image-carousel-caption\">Douche<\/figcaption><\/figure><\/div><div class=\"swiper-slide\" role=\"group\" aria-roledescription=\"slide\" aria-label=\"11 sur 24\"><figure class=\"swiper-slide-inner\"><img decoding=\"async\" class=\"swiper-slide-image\" src=\"https:\/\/monsejour34.fr\/wp-content\/uploads\/2025\/04\/IMG_1447-768x1024.jpg\" alt=\"Coin salle \u00e0 manger\" \/><figcaption class=\"elementor-image-carousel-caption\">Coin salle \u00e0 manger<\/figcaption><\/figure><\/div><div class=\"swiper-slide\" role=\"group\" aria-roledescription=\"slide\" aria-label=\"12 sur 24\"><figure class=\"swiper-slide-inner\"><img decoding=\"async\" class=\"swiper-slide-image\" src=\"https:\/\/monsejour34.fr\/wp-content\/uploads\/2025\/04\/IMG_1451-768x1024.jpg\" alt=\"Coin cuisine\" \/><figcaption class=\"elementor-image-carousel-caption\">Coin cuisine<\/figcaption><\/figure><\/div><div class=\"swiper-slide\" role=\"group\" aria-roledescription=\"slide\" aria-label=\"13 sur 24\"><figure class=\"swiper-slide-inner\"><img decoding=\"async\" class=\"swiper-slide-image\" src=\"https:\/\/monsejour34.fr\/wp-content\/uploads\/2025\/04\/IMG_1454-768x1024.jpg\" alt=\"Entr\u00e9e salle de bain\" \/><figcaption class=\"elementor-image-carousel-caption\">Entr\u00e9e salle de bain<\/figcaption><\/figure><\/div><div class=\"swiper-slide\" role=\"group\" aria-roledescription=\"slide\" aria-label=\"14 sur 24\"><figure class=\"swiper-slide-inner\"><img decoding=\"async\" class=\"swiper-slide-image\" src=\"https:\/\/monsejour34.fr\/wp-content\/uploads\/2025\/04\/IMG_1457-768x1024.jpg\" alt=\"Coin salle \u00e0 manger\/salon\" \/><figcaption class=\"elementor-image-carousel-caption\">Coin salle \u00e0 manger\/salon<\/figcaption><\/figure><\/div><div class=\"swiper-slide\" role=\"group\" aria-roledescription=\"slide\" aria-label=\"15 sur 24\"><figure class=\"swiper-slide-inner\"><img decoding=\"async\" class=\"swiper-slide-image\" src=\"https:\/\/monsejour34.fr\/wp-content\/uploads\/2025\/04\/IMG_1459-768x1024.jpg\" alt=\"Rangement\" \/><figcaption class=\"elementor-image-carousel-caption\">Rangement<\/figcaption><\/figure><\/div><div class=\"swiper-slide\" role=\"group\" aria-roledescription=\"slide\" aria-label=\"16 sur 24\"><figure class=\"swiper-slide-inner\"><img decoding=\"async\" class=\"swiper-slide-image\" src=\"https:\/\/monsejour34.fr\/wp-content\/uploads\/2025\/04\/IMG_1443-768x1024.jpg\" alt=\"Rangement salle de bain\" \/><figcaption class=\"elementor-image-carousel-caption\">Rangement salle de bain<\/figcaption><\/figure><\/div><div class=\"swiper-slide\" role=\"group\" aria-roledescription=\"slide\" aria-label=\"17 sur 24\"><figure class=\"swiper-slide-inner\"><img decoding=\"async\" class=\"swiper-slide-image\" src=\"https:\/\/monsejour34.fr\/wp-content\/uploads\/2025\/04\/IMG_1464-768x1024.jpg\" alt=\"Vue depuis le studio\" \/><figcaption class=\"elementor-image-carousel-caption\">Vue depuis le studio<\/figcaption><\/figure><\/div><div class=\"swiper-slide\" role=\"group\" aria-roledescription=\"slide\" aria-label=\"18 sur 24\"><figure class=\"swiper-slide-inner\"><img decoding=\"async\" class=\"swiper-slide-image\" src=\"https:\/\/monsejour34.fr\/wp-content\/uploads\/2025\/04\/IMG_1460-768x1024.jpg\" alt=\"Coin t\u00e9l\u00e9vision\" \/><figcaption class=\"elementor-image-carousel-caption\">Coin t\u00e9l\u00e9vision<\/figcaption><\/figure><\/div><div class=\"swiper-slide\" role=\"group\" aria-roledescription=\"slide\" aria-label=\"19 sur 24\"><figure class=\"swiper-slide-inner\"><img decoding=\"async\" class=\"swiper-slide-image\" src=\"https:\/\/monsejour34.fr\/wp-content\/uploads\/2025\/04\/IMG_1410-768x1024.jpg\" alt=\"Vue depuis l&#039;\u00e9tage\" \/><figcaption class=\"elementor-image-carousel-caption\">Vue depuis l'\u00e9tage<\/figcaption><\/figure><\/div><div class=\"swiper-slide\" role=\"group\" aria-roledescription=\"slide\" aria-label=\"20 sur 24\"><figure class=\"swiper-slide-inner\"><img decoding=\"async\" class=\"swiper-slide-image\" src=\"https:\/\/monsejour34.fr\/wp-content\/uploads\/2025\/04\/IMG_1449-768x1024.jpg\" alt=\"Coin salon\" \/><figcaption class=\"elementor-image-carousel-caption\">Coin salon<\/figcaption><\/figure><\/div><div class=\"swiper-slide\" role=\"group\" aria-roledescription=\"slide\" aria-label=\"21 sur 24\"><figure class=\"swiper-slide-inner\"><img decoding=\"async\" class=\"swiper-slide-image\" src=\"https:\/\/monsejour34.fr\/wp-content\/uploads\/2025\/04\/IMG_1463-768x1024.jpg\" alt=\"Baie vitr\u00e9e \/ cuisine\" \/><figcaption class=\"elementor-image-carousel-caption\">Baie vitr\u00e9e \/ cuisine<\/figcaption><\/figure><\/div><div class=\"swiper-slide\" role=\"group\" aria-roledescription=\"slide\" aria-label=\"22 sur 24\"><figure class=\"swiper-slide-inner\"><img decoding=\"async\" class=\"swiper-slide-image\" src=\"https:\/\/monsejour34.fr\/wp-content\/uploads\/2025\/04\/IMG_1465-768x1024.jpg\" alt=\"Vue depuis le studio\" \/><figcaption class=\"elementor-image-carousel-caption\">Vue depuis le studio<\/figcaption><\/figure><\/div><div class=\"swiper-slide\" role=\"group\" aria-roledescription=\"slide\" aria-label=\"23 sur 24\"><figure class=\"swiper-slide-inner\"><img decoding=\"async\" class=\"swiper-slide-image\" src=\"https:\/\/monsejour34.fr\/wp-content\/uploads\/2025\/04\/IMG_1467-768x1024.jpg\" alt=\"Disposition du studio\" \/><figcaption class=\"elementor-image-carousel-caption\">Disposition du studio<\/figcaption><\/figure><\/div><div class=\"swiper-slide\" role=\"group\" aria-roledescription=\"slide\" aria-label=\"24 sur 24\"><figure class=\"swiper-slide-inner\"><img decoding=\"async\" class=\"swiper-slide-image\" src=\"https:\/\/monsejour34.fr\/wp-content\/uploads\/2025\/04\/IMG_1468-768x1024.jpg\" alt=\"Place de parking\" \/><figcaption class=\"elementor-image-carousel-caption\">Place de parking<\/figcaption><\/figure><\/div>\t\t\t<\/div>\n\t\t\t\t\t\t\t\t\t\t\t\t<div class=\"elementor-swiper-button elementor-swiper-button-prev\" role=\"button\" tabindex=\"0\">\n\t\t\t\t\t\t<svg aria-hidden=\"true\" class=\"e-font-icon-svg e-eicon-chevron-left\" viewBox=\"0 0 1000 1000\" xmlns=\"http:\/\/www.w3.org\/2000\/svg\"><path d=\"M646 125C629 125 613 133 604 142L308 442C296 454 292 471 292 487 292 504 296 521 308 533L604 854C617 867 629 875 646 875 663 875 679 871 692 858 704 846 713 829 713 812 713 796 708 779 692 767L438 487 692 225C700 217 708 204 708 187 708 171 704 154 692 142 675 129 663 125 646 125Z\"><\/path><\/svg>\t\t\t\t\t<\/div>\n\t\t\t\t\t<div class=\"elementor-swiper-button elementor-swiper-button-next\" role=\"button\" tabindex=\"0\">\n\t\t\t\t\t\t<svg aria-hidden=\"true\" class=\"e-font-icon-svg e-eicon-chevron-right\" viewBox=\"0 0 1000 1000\" xmlns=\"http:\/\/www.w3.org\/2000\/svg\"><path d=\"M696 533C708 521 713 504 713 487 713 471 708 454 696 446L400 146C388 133 375 125 354 125 338 125 325 129 313 142 300 154 292 171 292 187 292 204 296 221 308 233L563 492 304 771C292 783 288 800 288 817 288 833 296 850 308 863 321 871 338 875 354 875 371 875 388 867 400 854L696 533Z\"><\/path><\/svg>\t\t\t\t\t<\/div>\n\t\t\t\t\n\t\t\t\t\t\t\t\t\t<div class=\"swiper-pagination\"><\/div>\n\t\t\t\t\t\t\t\t\t<\/div>\n\t\t\t\t\t\t<\/div>\n\t\t\t\t<\/div>\n\t\t\t\t<\/div>\n\t\t\t\t<\/div>\n\t\t","protected":false},"excerpt":{"rendered":"<p>Les \u00e9quipements Bienvenue \u00e0&nbsp;Thau T\u2019aime, un appartement con\u00e7u pour votre&nbsp;confort et bien-\u00eatre&nbsp;lors de votre s\u00e9jour \u00e0&nbsp;Balaruc-les-Bains. D\u00e9couvrez tous les \u00e9quipements [&hellip;]<\/p>\n","protected":false},"author":1,"featured_media":0,"parent":0,"menu_order":0,"comment_status":"closed","ping_status":"closed","template":"","meta":{"site-sidebar-layout":"default","site-content-layout":"","ast-site-content-layout":"","site-content-style":"default","site-sidebar-style":"default","ast-global-header-display":"","ast-banner-title-visibility":"","ast-main-header-display":"","ast-hfb-above-header-display":"","ast-hfb-below-header-display":"","ast-hfb-mobile-header-display":"","site-post-title":"","ast-breadcrumbs-content":"","ast-featured-img":"","footer-sml-layout":"","theme-transparent-header-meta":"","adv-header-id-meta":"","stick-header-meta":"","header-above-stick-meta":"","header-main-stick-meta":"","header-below-stick-meta":"","astra-migrate-meta-layouts":"default","ast-page-background-enabled":"default","ast-page-background-meta":{"desktop":{"background-color":"var(--ast-global-color-5)","background-image":"","background-repeat":"repeat","background-position":"center center","background-size":"auto","background-attachment":"scroll","background-type":"","background-media":"","overlay-type":"","overlay-color":"","overlay-opacity":"","overlay-gradient":""},"tablet":{"background-color":"","background-image":"","background-repeat":"repeat","background-position":"center center","background-size":"auto","background-attachment":"scroll","background-type":"","background-media":"","overlay-type":"","overlay-color":"","overlay-opacity":"","overlay-gradient":""},"mobile":{"background-color":"","background-image":"","background-repeat":"repeat","background-position":"center center","background-size":"auto","background-attachment":"scroll","background-type":"","background-media":"","overlay-type":"","overlay-color":"","overlay-opacity":"","overlay-gradient":""}},"ast-content-background-meta":{"desktop":{"background-color":"var(--ast-global-color-4)","background-image":"","background-repeat":"repeat","background-position":"center center","background-size":"auto","background-attachment":"scroll","background-type":"","background-media":"","overlay-type":"","overlay-color":"","overlay-opacity":"","overlay-gradient":""},"tablet":{"background-color":"var(--ast-global-color-4)","background-image":"","background-repeat":"repeat","background-position":"center center","background-size":"auto","background-attachment":"scroll","background-type":"","background-media":"","overlay-type":"","overlay-color":"","overlay-opacity":"","overlay-gradient":""},"mobile":{"background-color":"var(--ast-global-color-4)","background-image":"","background-repeat":"repeat","background-position":"center center","background-size":"auto","background-attachment":"scroll","background-type":"","background-media":"","overlay-type":"","overlay-color":"","overlay-opacity":"","overlay-gradient":""}},"footnotes":""},"class_list":["post-87","page","type-page","status-publish","hentry"],"_links":{"self":[{"href":"https:\/\/monsejour34.fr\/index.php\/wp-json\/wp\/v2\/pages\/87","targetHints":{"allow":["GET"]}}],"collection":[{"href":"https:\/\/monsejour34.fr\/index.php\/wp-json\/wp\/v2\/pages"}],"about":[{"href":"https:\/\/monsejour34.fr\/index.php\/wp-json\/wp\/v2\/types\/page"}],"author":[{"embeddable":true,"href":"https:\/\/monsejour34.fr\/index.php\/wp-json\/wp\/v2\/users\/1"}],"replies":[{"embeddable":true,"href":"https:\/\/monsejour34.fr\/index.php\/wp-json\/wp\/v2\/comments?post=87"}],"version-history":[{"count":23,"href":"https:\/\/monsejour34.fr\/index.php\/wp-json\/wp\/v2\/pages\/87\/revisions"}],"predecessor-version":[{"id":381,"href":"https:\/\/monsejour34.fr\/index.php\/wp-json\/wp\/v2\/pages\/87\/revisions\/381"}],"wp:attachment":[{"href":"https:\/\/monsejour34.fr\/index.php\/wp-json\/wp\/v2\/media?parent=87"}],"curies":[{"name":"wp","href":"https:\/\/api.w.org\/{rel}","templated":true}]}}