{"id":96,"date":"2025-03-01T10:46:05","date_gmt":"2025-03-01T09:46:05","guid":{"rendered":"https:\/\/monsejour34.fr\/?page_id=96"},"modified":"2025-03-02T13:38:34","modified_gmt":"2025-03-02T12:38:34","slug":"contact-et-acces","status":"publish","type":"page","link":"https:\/\/monsejour34.fr\/index.php\/contact-et-acces\/","title":{"rendered":"Contact et acc\u00e8s"},"content":{"rendered":"\t\t<div data-elementor-type=\"wp-page\" data-elementor-id=\"96\" class=\"elementor elementor-96\">\n\t\t\t\t<div class=\"elementor-element elementor-element-6ec1ef4 e-flex e-con-boxed e-con e-parent\" data-id=\"6ec1ef4\" data-element_type=\"container\">\n\t\t\t\t\t<div class=\"e-con-inner\">\n\t\t\t\t<div class=\"elementor-element elementor-element-306ccc8 elementor-widget elementor-widget-heading\" data-id=\"306ccc8\" data-element_type=\"widget\" data-widget_type=\"heading.default\">\n\t\t\t\t<div class=\"elementor-widget-container\">\n\t\t\t\t\t<h2 class=\"elementor-heading-title elementor-size-default\">Contactez-nous !<\/h2>\t\t\t\t<\/div>\n\t\t\t\t<\/div>\n\t\t\t\t<div class=\"elementor-element elementor-element-ee51a90 elementor-widget elementor-widget-text-editor\" data-id=\"ee51a90\" data-element_type=\"widget\" data-widget_type=\"text-editor.default\">\n\t\t\t\t<div class=\"elementor-widget-container\">\n\t\t\t\t\t\t\t\t\t<p dir=\"auto\"><strong>Pour toute question ou r\u00e9servation, n&rsquo;h\u00e9sitez pas \u00e0 nous contacter !<\/strong><\/p><p dir=\"auto\">Nous sommes \u00e0 votre disposition pour vous aider \u00e0 organiser votre s\u00e9jour \u00e0 Balaruc-les-Bains. Que vous souhaitiez des informations sur nos appartements, des conseils sur les activit\u00e9s locales ou de l&rsquo;aide pour planifier votre voyage, notre \u00e9quipe est l\u00e0 pour vous assister.<\/p>\t\t\t\t\t\t\t\t<\/div>\n\t\t\t\t<\/div>\n\t\t\t\t<div class=\"elementor-element elementor-element-eaf50f4 elementor-widget elementor-widget-spacer\" data-id=\"eaf50f4\" data-element_type=\"widget\" data-widget_type=\"spacer.default\">\n\t\t\t\t<div class=\"elementor-widget-container\">\n\t\t\t\t\t\t\t<div class=\"elementor-spacer\">\n\t\t\t<div class=\"elementor-spacer-inner\"><\/div>\n\t\t<\/div>\n\t\t\t\t\t\t<\/div>\n\t\t\t\t<\/div>\n\t\t\t\t\t<\/div>\n\t\t\t\t<\/div>\n\t\t<div class=\"elementor-element elementor-element-7455455 e-flex e-con-boxed e-con e-parent\" data-id=\"7455455\" data-element_type=\"container\">\n\t\t\t\t\t<div class=\"e-con-inner\">\n\t\t<div class=\"elementor-element elementor-element-c6cbf14 e-con-full e-flex e-con e-child\" data-id=\"c6cbf14\" data-element_type=\"container\">\n\t\t\t\t<div class=\"elementor-element elementor-element-f6a6a15 elementor-widget elementor-widget-heading\" data-id=\"f6a6a15\" data-element_type=\"widget\" data-widget_type=\"heading.default\">\n\t\t\t\t<div class=\"elementor-widget-container\">\n\t\t\t\t\t<h2 class=\"elementor-heading-title elementor-size-default\">Contact<\/h2>\t\t\t\t<\/div>\n\t\t\t\t<\/div>\n\t\t\t\t<div class=\"elementor-element elementor-element-ff5e47f elementor-align-left elementor-widget__width-initial elementor-icon-list--layout-traditional elementor-list-item-link-full_width elementor-widget elementor-widget-icon-list\" data-id=\"ff5e47f\" data-element_type=\"widget\" data-widget_type=\"icon-list.default\">\n\t\t\t\t<div class=\"elementor-widget-container\">\n\t\t\t\t\t\t\t<ul class=\"elementor-icon-list-items\">\n\t\t\t\t\t\t\t<li class=\"elementor-icon-list-item\">\n\t\t\t\t\t\t\t\t\t\t\t<span class=\"elementor-icon-list-icon\">\n\t\t\t\t\t\t\t<svg aria-hidden=\"true\" class=\"e-font-icon-svg e-fas-home\" viewBox=\"0 0 576 512\" xmlns=\"http:\/\/www.w3.org\/2000\/svg\"><path d=\"M280.37 148.26L96 300.11V464a16 16 0 0 0 16 16l112.06-.29a16 16 0 0 0 15.92-16V368a16 16 0 0 1 16-16h64a16 16 0 0 1 16 16v95.64a16 16 0 0 0 16 16.05L464 480a16 16 0 0 0 16-16V300L295.67 148.26a12.19 12.19 0 0 0-15.3 0zM571.6 251.47L488 182.56V44.05a12 12 0 0 0-12-12h-56a12 12 0 0 0-12 12v72.61L318.47 43a48 48 0 0 0-61 0L4.34 251.47a12 12 0 0 0-1.6 16.9l25.5 31A12 12 0 0 0 45.15 301l235.22-193.74a12.19 12.19 0 0 1 15.3 0L530.9 301a12 12 0 0 0 16.9-1.6l25.5-31a12 12 0 0 0-1.7-16.93z\"><\/path><\/svg>\t\t\t\t\t\t<\/span>\n\t\t\t\t\t\t\t\t\t\t<span class=\"elementor-icon-list-text\">Adresse : R\u00e9sidence LE SEVIGNE 3 - 5 avenue Pasteur, 34540 Balaruc-les-Bains<\/span>\n\t\t\t\t\t\t\t\t\t<\/li>\n\t\t\t\t\t\t\t\t<li class=\"elementor-icon-list-item\">\n\t\t\t\t\t\t\t\t\t\t\t<span class=\"elementor-icon-list-icon\">\n\t\t\t\t\t\t\t<svg aria-hidden=\"true\" class=\"e-font-icon-svg e-fas-phone-alt\" viewBox=\"0 0 512 512\" xmlns=\"http:\/\/www.w3.org\/2000\/svg\"><path d=\"M497.39 361.8l-112-48a24 24 0 0 0-28 6.9l-49.6 60.6A370.66 370.66 0 0 1 130.6 204.11l60.6-49.6a23.94 23.94 0 0 0 6.9-28l-48-112A24.16 24.16 0 0 0 122.6.61l-104 24A24 24 0 0 0 0 48c0 256.5 207.9 464 464 464a24 24 0 0 0 23.4-18.6l24-104a24.29 24.29 0 0 0-14.01-27.6z\"><\/path><\/svg>\t\t\t\t\t\t<\/span>\n\t\t\t\t\t\t\t\t\t\t<span class=\"elementor-icon-list-text\">T\u00e9l\u00e9phone : 06 76 48 05 50<\/span>\n\t\t\t\t\t\t\t\t\t<\/li>\n\t\t\t\t\t\t\t\t<li class=\"elementor-icon-list-item\">\n\t\t\t\t\t\t\t\t\t\t\t<span class=\"elementor-icon-list-icon\">\n\t\t\t\t\t\t\t<svg aria-hidden=\"true\" class=\"e-font-icon-svg e-fas-at\" viewBox=\"0 0 512 512\" xmlns=\"http:\/\/www.w3.org\/2000\/svg\"><path d=\"M256 8C118.941 8 8 118.919 8 256c0 137.059 110.919 248 248 248 48.154 0 95.342-14.14 135.408-40.223 12.005-7.815 14.625-24.288 5.552-35.372l-10.177-12.433c-7.671-9.371-21.179-11.667-31.373-5.129C325.92 429.757 291.314 440 256 440c-101.458 0-184-82.542-184-184S154.542 72 256 72c100.139 0 184 57.619 184 160 0 38.786-21.093 79.742-58.17 83.693-17.349-.454-16.91-12.857-13.476-30.024l23.433-121.11C394.653 149.75 383.308 136 368.225 136h-44.981a13.518 13.518 0 0 0-13.432 11.993l-.01.092c-14.697-17.901-40.448-21.775-59.971-21.775-74.58 0-137.831 62.234-137.831 151.46 0 65.303 36.785 105.87 96 105.87 26.984 0 57.369-15.637 74.991-38.333 9.522 34.104 40.613 34.103 70.71 34.103C462.609 379.41 504 307.798 504 232 504 95.653 394.023 8 256 8zm-21.68 304.43c-22.249 0-36.07-15.623-36.07-40.771 0-44.993 30.779-72.729 58.63-72.729 22.292 0 35.601 15.241 35.601 40.77 0 45.061-33.875 72.73-58.161 72.73z\"><\/path><\/svg>\t\t\t\t\t\t<\/span>\n\t\t\t\t\t\t\t\t\t\t<span class=\"elementor-icon-list-text\">Adresse mail : monsejour34.fr<\/span>\n\t\t\t\t\t\t\t\t\t<\/li>\n\t\t\t\t\t\t<\/ul>\n\t\t\t\t\t\t<\/div>\n\t\t\t\t<\/div>\n\t\t\t\t<\/div>\n\t\t<div class=\"elementor-element elementor-element-f461096 e-con-full e-flex e-con e-child\" data-id=\"f461096\" data-element_type=\"container\">\n\t\t\t\t<div class=\"elementor-element elementor-element-b049db5 elementor-widget elementor-widget-google_maps\" data-id=\"b049db5\" data-element_type=\"widget\" data-widget_type=\"google_maps.default\">\n\t\t\t\t<div class=\"elementor-widget-container\">\n\t\t\t\t\t\t\t<div class=\"elementor-custom-embed\">\n\t\t\t<iframe loading=\"lazy\"\n\t\t\t\t\tsrc=\"https:\/\/maps.google.com\/maps?q=5%20avenue%20Pasteur%2C%20Balaruc-les-Bains&#038;t=m&#038;z=14&#038;output=embed&#038;iwloc=near\"\n\t\t\t\t\ttitle=\"5 avenue Pasteur, Balaruc-les-Bains\"\n\t\t\t\t\taria-label=\"5 avenue Pasteur, Balaruc-les-Bains\"\n\t\t\t><\/iframe>\n\t\t<\/div>\n\t\t\t\t\t\t<\/div>\n\t\t\t\t<\/div>\n\t\t\t\t<\/div>\n\t\t\t\t\t<\/div>\n\t\t\t\t<\/div>\n\t\t<div class=\"elementor-element elementor-element-448bb97 e-flex e-con-boxed e-con e-parent\" data-id=\"448bb97\" data-element_type=\"container\">\n\t\t\t\t\t<div class=\"e-con-inner\">\n\t\t\t\t<div class=\"elementor-element elementor-element-64543c0 elementor-widget elementor-widget-heading\" data-id=\"64543c0\" data-element_type=\"widget\" data-widget_type=\"heading.default\">\n\t\t\t\t<div class=\"elementor-widget-container\">\n\t\t\t\t\t<h2 class=\"elementor-heading-title elementor-size-default\">Comment nous trouver <\/h2>\t\t\t\t<\/div>\n\t\t\t\t<\/div>\n\t\t\t\t<div class=\"elementor-element elementor-element-4d32106 elementor-widget elementor-widget-text-editor\" data-id=\"4d32106\" data-element_type=\"widget\" data-widget_type=\"text-editor.default\">\n\t\t\t\t<div class=\"elementor-widget-container\">\n\t\t\t\t\t\t\t\t\t<p dir=\"auto\"><strong>Itin\u00e9raire :<\/strong><\/p><ul><li><strong>En Voiture :<\/strong><\/li><\/ul><p>Via l\u2019autoroute A9 : sortie n\u00b033 (S\u00e8te \/ Balaruc-les-Bains)<\/p><p>Via l\u2019autoroute A75 : sortie n\u00b059 (S\u00e8te \/ P\u00e9zenas)<\/p><ul><li><strong>En Train :<\/strong><br \/><p dir=\"ltr\">Rejoignez Balaruc-les-Bains via la gare de S\u00e8te depuis :\u00a0<\/p><ul dir=\"ltr\"><li role=\"presentation\">Paris en 3h40 (TGV direct)<\/li><li role=\"presentation\">Lyon en 2h10 (TGV direct)<\/li><li role=\"presentation\">Toulouse en 2h (TGV direct)<\/li><li role=\"presentation\">Marseillen en 2h25 (TER direct)<\/li><li role=\"presentation\">Bordeaux en 4h (TER direct)<\/li><\/ul><\/li><\/ul><div>Puis empruntez la ligne de bus n\u00b010 pour rejoindre Balaruc-les-Bains, arr\u00eat de bus \u00ab\u00a0Thermes\u00a0\u00bb.<\/div><ul><li><strong>En Avion :<\/strong><\/li><li role=\"presentation\">A\u00e9roport de B\u00e9ziers Cap d\u2019Agde (48 km). Pour venir \u00e0 Balaruc-les-Bains depuis l\u2019a\u00e9roport en transport en commun :<ul><li role=\"presentation\">Empruntez <a href=\"https:\/\/www.herault-transport.fr\/lignes-regulieres\/navettes-aeroport\/navette-aeroport-montpellier-mediterranee\" target=\"_blank\" rel=\"noopener\">la navette a\u00e9roport ligne 120<\/a> et descendez \u00e0 l\u2019arr\u00eat \u201cPlace de l\u2019Europe\u201d.<\/li><li role=\"presentation\">Puis prenez <a href=\"https:\/\/www.tam-voyages.com\/presentation\/?rub_code=1&amp;thm_id=155&amp;lang_id=1\" target=\"_blank\" rel=\"noopener\">la ligne 1 du tramway<\/a> en direction de la Mosson. Il vous faudra descendre \u00e0 la gare de Montpellier.<\/li><li role=\"presentation\">Avant de <a href=\"https:\/\/www.sncf.com\/fr\/offres-voyageurs\/voyager-en-train\/ter\" target=\"_blank\" rel=\"noopener\">prendre un train<\/a> pour rejoindre la gare de S\u00e8te.\u00a0<\/li><li role=\"presentation\">Arriv\u00e9 sur place, rejoignez <a href=\"https:\/\/www.mobilite.agglopole.fr\/\" target=\"_blank\" rel=\"noopener\">la ligne n\u00b010<\/a> qui vous conduira de la gare de S\u00e8te \u00e0 Balaruc-les-Bains.\u00a0<\/li><\/ul><\/li><li role=\"presentation\">A\u00e9roport de Montpellier M\u00e9diterran\u00e9e (29 km). Pour venir \u00e0 Balaruc-les-Bains depuis l\u2019a\u00e9roport en transport en commun :<ul><li role=\"presentation\">Empruntez <a href=\"https:\/\/beziers.aeroport.fr\/acces-et-services\/navettes\/\" target=\"_blank\" rel=\"noopener\">la navette a\u00e9roport<\/a> et descendez la gare SNCF de B\u00e9ziers.<\/li><li role=\"presentation\">Prenez ensuite <a href=\"https:\/\/www.sncf.com\/fr\/offres-voyageurs\/voyager-en-train\/ter\" target=\"_blank\" rel=\"noopener\">un train<\/a> pour rejoindre la gare de S\u00e8te.\u00a0<\/li><li role=\"presentation\">Avant de rejoindre <a href=\"https:\/\/www.mobilite.agglopole.fr\/\" target=\"_blank\" rel=\"noopener\">la ligne n\u00b010<\/a> qui vous conduira de la gare de S\u00e8te \u00e0 Balaruc-les-Bains.\u00a0<\/li><\/ul><\/li><\/ul>\t\t\t\t\t\t\t\t<\/div>\n\t\t\t\t<\/div>\n\t\t\t\t\t<\/div>\n\t\t\t\t<\/div>\n\t\t\t\t<\/div>\n\t\t","protected":false},"excerpt":{"rendered":"<p>Contactez-nous ! Pour toute question ou r\u00e9servation, n&rsquo;h\u00e9sitez pas \u00e0 nous contacter ! Nous sommes \u00e0 votre disposition pour vous [&hellip;]<\/p>\n","protected":false},"author":1,"featured_media":0,"parent":0,"menu_order":0,"comment_status":"closed","ping_status":"closed","template":"","meta":{"site-sidebar-layout":"no-sidebar","site-content-layout":"","ast-site-content-layout":"full-width-container","site-content-style":"default","site-sidebar-style":"default","ast-global-header-display":"","ast-banner-title-visibility":"","ast-main-header-display":"","ast-hfb-above-header-display":"","ast-hfb-below-header-display":"","ast-hfb-mobile-header-display":"","site-post-title":"disabled","ast-breadcrumbs-content":"","ast-featured-img":"disabled","footer-sml-layout":"","theme-transparent-header-meta":"","adv-header-id-meta":"","stick-header-meta":"","header-above-stick-meta":"","header-main-stick-meta":"","header-below-stick-meta":"","astra-migrate-meta-layouts":"default","ast-page-background-enabled":"default","ast-page-background-meta":{"desktop":{"background-color":"var(--ast-global-color-5)","background-image":"","background-repeat":"repeat","background-position":"center center","background-size":"auto","background-attachment":"scroll","background-type":"","background-media":"","overlay-type":"","overlay-color":"","overlay-opacity":"","overlay-gradient":""},"tablet":{"background-color":"","background-image":"","background-repeat":"repeat","background-position":"center center","background-size":"auto","background-attachment":"scroll","background-type":"","background-media":"","overlay-type":"","overlay-color":"","overlay-opacity":"","overlay-gradient":""},"mobile":{"background-color":"","background-image":"","background-repeat":"repeat","background-position":"center center","background-size":"auto","background-attachment":"scroll","background-type":"","background-media":"","overlay-type":"","overlay-color":"","overlay-opacity":"","overlay-gradient":""}},"ast-content-background-meta":{"desktop":{"background-color":"var(--ast-global-color-4)","background-image":"","background-repeat":"repeat","background-position":"center center","background-size":"auto","background-attachment":"scroll","background-type":"","background-media":"","overlay-type":"","overlay-color":"","overlay-opacity":"","overlay-gradient":""},"tablet":{"background-color":"var(--ast-global-color-4)","background-image":"","background-repeat":"repeat","background-position":"center center","background-size":"auto","background-attachment":"scroll","background-type":"","background-media":"","overlay-type":"","overlay-color":"","overlay-opacity":"","overlay-gradient":""},"mobile":{"background-color":"var(--ast-global-color-4)","background-image":"","background-repeat":"repeat","background-position":"center center","background-size":"auto","background-attachment":"scroll","background-type":"","background-media":"","overlay-type":"","overlay-color":"","overlay-opacity":"","overlay-gradient":""}},"footnotes":""},"class_list":["post-96","page","type-page","status-publish","hentry"],"_links":{"self":[{"href":"https:\/\/monsejour34.fr\/index.php\/wp-json\/wp\/v2\/pages\/96","targetHints":{"allow":["GET"]}}],"collection":[{"href":"https:\/\/monsejour34.fr\/index.php\/wp-json\/wp\/v2\/pages"}],"about":[{"href":"https:\/\/monsejour34.fr\/index.php\/wp-json\/wp\/v2\/types\/page"}],"author":[{"embeddable":true,"href":"https:\/\/monsejour34.fr\/index.php\/wp-json\/wp\/v2\/users\/1"}],"replies":[{"embeddable":true,"href":"https:\/\/monsejour34.fr\/index.php\/wp-json\/wp\/v2\/comments?post=96"}],"version-history":[{"count":5,"href":"https:\/\/monsejour34.fr\/index.php\/wp-json\/wp\/v2\/pages\/96\/revisions"}],"predecessor-version":[{"id":197,"href":"https:\/\/monsejour34.fr\/index.php\/wp-json\/wp\/v2\/pages\/96\/revisions\/197"}],"wp:attachment":[{"href":"https:\/\/monsejour34.fr\/index.php\/wp-json\/wp\/v2\/media?parent=96"}],"curies":[{"name":"wp","href":"https:\/\/api.w.org\/{rel}","templated":true}]}}